{"id":6786,"date":"2022-05-03T12:28:55","date_gmt":"2022-05-03T10:28:55","guid":{"rendered":"https:\/\/seconafi.com\/cookie-policy-2\/"},"modified":"2022-05-03T12:28:55","modified_gmt":"2022-05-03T10:28:55","slug":"cookie-policy-2","status":"publish","type":"page","link":"https:\/\/seconafi.com\/de\/cookie-policy-2\/","title":{"rendered":"Cookie Policy"},"content":{"rendered":"<div class=\"cli_pg_page_contaner\">\n<h3>About this cookie policy.<\/h3>\n<div>This Cookie Policy explains what cookies are and how we use them. You should read this policy to understand what cookies are, how we use them, the types of cookies we use i.e, the information we collect using cookies and how that information is used and how to control the cookie preferences. For further information on how we use, store and keep your personal data secure, see our Privacy Policy.<\/p>\n<p>You can at any time change or withdraw your consent from the Cookie Declaration on our website.<br \/>\nLearn more about who we are, how you can contact us and how we process personal data in our Privacy Policy.<br \/>\nYour consent applies to the following domains: seconafi.com<br \/>\n<div class=\"wt-cli-element cli_user_consent_state\"><\/div><\/p><\/div>\n<h3>What are cookies ?<\/h3>\n<div>Cookies are small text files that are used to store small pieces of information. The cookies are stored on your device when the website is loaded on your browser. These cookies help us make the website function properly, make the website more secure, provide better user experience, and understand how the website performs and to analyze what works and where it needs improvement.<\/div>\n<h3>How do we use cookies ?<\/h3>\n<div>As most of the online services, our website uses cookies first-party and third-party cookies for a number of purposes. The first-party cookies are mostly necessary for the website to function the right way, and they do not collect any of your personally identifiable data.<\/p>\n<p>The third-party cookies used on our websites are used mainly for understanding how the website performs, how you interact with our website, keeping our services secure, providing advertisements that are relevant to you, and all in all providing you with a better and improved user experience and help speed up your future interactions with our website.<\/p><\/div>\n<h3>What types of cookies do we use ?<\/h3>\n<div>The cookies used on our website are grouped into the following categories.<br \/>\n<div class=\"wt-cli-element cli_cookie_category_single\"><div class=\"cli_cookie_category_single\"><h5 class=\"cli_cookie_category_single_hd\">Notwendig<\/h5><div class=\"cli_cookie_category_single_description\"><p>Notwendige Cookies sind absolut notwendig, damit die Website ordnungsgem\u00e4\u00df funktioniert. Diese Cookies gew\u00e4hrleisten anonym grundlegende Funktionalit\u00e4ten und Sicherheitsmerkmale der Website.\r\n<table class=\"wt-cli-element cookielawinfo-row-cat-table cookielawinfo-winter\"><thead><tr><th scope=\"col\" class=\"cookielawinfo-column-1\">Cookie<\/th><th scope=\"col\" class=\"cookielawinfo-column-3\">Dauer<\/th><th scope=\"col\" class=\"cookielawinfo-column-4\">Beschreibung<\/th><\/tr><\/thead><tbody><tr class=\"cookielawinfo-row\"><td class=\"cookielawinfo-column-1\">cookielawinfo-checkbox-advertisement<\/td><td class=\"cookielawinfo-column-3\">1 Jahr<\/td><td class=\"cookielawinfo-column-4\">Dieses Cookie wird vom GDPR Cookie Consent Plugin gesetzt und wird verwendet, um die Zustimmung des Benutzers f\u00fcr die Cookies in der Kategorie \"Werbung\" aufzuzeichnen.<\/td><\/tr><tr class=\"cookielawinfo-row\"><td class=\"cookielawinfo-column-1\">cookielawinfo-checkbox-analytics<\/td><td class=\"cookielawinfo-column-3\">11 Monate<\/td><td class=\"cookielawinfo-column-4\">Dieses Cookie wird vom GDPR Cookie Consent Plugin gesetzt. Das Cookie wird verwendet, um die Benutzereinwilligung f\u00fcr die Cookies in der Kategorie \"Analytics\" zu speichern.<\/td><\/tr><tr class=\"cookielawinfo-row\"><td class=\"cookielawinfo-column-1\">cookielawinfo-checkbox-functional<\/td><td class=\"cookielawinfo-column-3\">11 Monate<\/td><td class=\"cookielawinfo-column-4\">Das Cookie wird von GDPR Cookie Consent gesetzt, um die Benutzereinwilligung f\u00fcr die Cookies in der Kategorie \"Funktional\" aufzuzeichnen.<\/td><\/tr><tr class=\"cookielawinfo-row\"><td class=\"cookielawinfo-column-1\">cookielawinfo-checkbox-necessary<\/td><td class=\"cookielawinfo-column-3\">11 Monate<\/td><td class=\"cookielawinfo-column-4\">Dieses Cookie wird vom GDPR Cookie Consent Plugin gesetzt. Die Cookies werden verwendet, um die Benutzereinwilligung f\u00fcr die Cookies in der Kategorie \u201eNotwendig\u201c zu speichern.<\/td><\/tr><tr class=\"cookielawinfo-row\"><td class=\"cookielawinfo-column-1\">cookielawinfo-checkbox-others<\/td><td class=\"cookielawinfo-column-3\">11 Monate<\/td><td class=\"cookielawinfo-column-4\">Dieses Cookie wird vom GDPR Cookie Consent Plugin gesetzt. Das Cookie wird verwendet, um die Benutzereinwilligung f\u00fcr die Cookies in der Kategorie \u201eSonstiges\u201c zu speichern.<\/td><\/tr><tr class=\"cookielawinfo-row\"><td class=\"cookielawinfo-column-1\">cookielawinfo-checkbox-performance<\/td><td class=\"cookielawinfo-column-3\">11 Monate<\/td><td class=\"cookielawinfo-column-4\">Dieses Cookie wird vom GDPR Cookie Consent Plugin gesetzt. Das Cookie wird verwendet, um die Benutzereinwilligung f\u00fcr die Cookies in der Kategorie \"Performance\" zu speichern.<\/td><\/tr><tr class=\"cookielawinfo-row\"><td class=\"cookielawinfo-column-1\">elementor<\/td><td class=\"cookielawinfo-column-3\">noch nie<\/td><td class=\"cookielawinfo-column-4\">Dieses Cookie wird vom WordPress-Theme der Website verwendet. Es erm\u00f6glicht dem Websitebesitzer, den Inhalt der Website in Echtzeit zu implementieren oder zu \u00e4ndern.<\/td><\/tr><tr class=\"cookielawinfo-row\"><td class=\"cookielawinfo-column-1\">viewed_cookie_policy<\/td><td class=\"cookielawinfo-column-3\">11 Monate<\/td><td class=\"cookielawinfo-column-4\">Das Cookie wird vom GDPR Cookie Consent Plugin gesetzt und wird verwendet, um zu speichern, ob der Benutzer der Verwendung von Cookies zugestimmt hat oder nicht. Es speichert keine personenbezogenen Daten.<\/td><\/tr><\/tbody><\/table><\/p><\/div><\/div><div class=\"cli_cookie_category_single\"><h5 class=\"cli_cookie_category_single_hd\">Funktionell<\/h5><div class=\"cli_cookie_category_single_description\"><p>Functional cookies help to perform certain functionalities like sharing the content of the website on social media platforms, collect feedbacks, and other third-party features.\r\n<table class=\"wt-cli-element cookielawinfo-row-cat-table cookielawinfo-winter\"><thead><tr><th scope=\"col\" class=\"cookielawinfo-column-1\">Cookie<\/th><th scope=\"col\" class=\"cookielawinfo-column-3\">Dauer<\/th><th scope=\"col\" class=\"cookielawinfo-column-4\">Beschreibung<\/th><\/tr><\/thead><tbody><tr class=\"cookielawinfo-row\"><td class=\"cookielawinfo-column-1\">__cf_bm<\/td><td class=\"cookielawinfo-column-3\">30 Minuten<\/td><td class=\"cookielawinfo-column-4\">Dieses von Cloudflare gesetzte Cookie wird zur Unterst\u00fctzung von Cloudflare Bot Management verwendet.<\/td><\/tr><\/tbody><\/table><\/p><\/div><\/div><div class=\"cli_cookie_category_single\"><h5 class=\"cli_cookie_category_single_hd\">Leistung<\/h5><div class=\"cli_cookie_category_single_description\"><p>Performance-Cookies werden verwendet, um die wichtigsten Leistungsindizes der Website zu verstehen und zu analysieren, was dazu beitr\u00e4gt, den Besuchern ein besseres Benutzererlebnis zu bieten.\r\n<\/p><\/div><\/div><div class=\"cli_cookie_category_single\"><h5 class=\"cli_cookie_category_single_hd\">Analytik<\/h5><div class=\"cli_cookie_category_single_description\"><p>Analytische Cookies werden verwendet, um zu verstehen, wie Besucher mit der Website interagieren. Diese Cookies helfen bei der Bereitstellung von Informationen zu Metriken wie Anzahl der Besucher, Absprungrate, Verkehrsquelle usw.\r\n<table class=\"wt-cli-element cookielawinfo-row-cat-table cookielawinfo-winter\"><thead><tr><th scope=\"col\" class=\"cookielawinfo-column-1\">Cookie<\/th><th scope=\"col\" class=\"cookielawinfo-column-3\">Dauer<\/th><th scope=\"col\" class=\"cookielawinfo-column-4\">Beschreibung<\/th><\/tr><\/thead><tbody><tr class=\"cookielawinfo-row\"><td class=\"cookielawinfo-column-1\">_ga<\/td><td class=\"cookielawinfo-column-3\">2 Jahre<\/td><td class=\"cookielawinfo-column-4\">Das von Google Analytics installierte _ga-Cookie berechnet Besucher-, Sitzungs- und Kampagnendaten und verfolgt auch die Nutzung der Website f\u00fcr den Analysebericht der Website. Das Cookie speichert Informationen anonym und weist eine zuf\u00e4llig generierte Nummer zu, um eindeutige Besucher zu erkennen.<\/td><\/tr><tr class=\"cookielawinfo-row\"><td class=\"cookielawinfo-column-1\">_ga_2R88GYJT84<\/td><td class=\"cookielawinfo-column-3\">2 Jahre<\/td><td class=\"cookielawinfo-column-4\">Dieses Cookie wird von Google Analytics installiert.<\/td><\/tr><tr class=\"cookielawinfo-row\"><td class=\"cookielawinfo-column-1\">CONSENT<\/td><td class=\"cookielawinfo-column-3\">2 Jahre<\/td><td class=\"cookielawinfo-column-4\">YouTube setzt dieses Cookie \u00fcber eingebettete YouTube-Videos und registriert anonyme statistische Daten.<\/td><\/tr><tr class=\"cookielawinfo-row\"><td class=\"cookielawinfo-column-1\">vuid<\/td><td class=\"cookielawinfo-column-3\">2 Jahre<\/td><td class=\"cookielawinfo-column-4\">Vimeo installiert dieses Cookie, um Tracking-Informationen zu sammeln, indem es eine eindeutige ID zum Einbetten von Videos auf der Website festlegt.<\/td><\/tr><\/tbody><\/table><\/p><\/div><\/div><div class=\"cli_cookie_category_single\"><h5 class=\"cli_cookie_category_single_hd\">Anzeige<\/h5><div class=\"cli_cookie_category_single_description\"><p>Werbe-Cookies werden verwendet, um Besuchern relevante Anzeigen und Marketingkampagnen bereitzustellen. Diese Cookies verfolgen Besucher \u00fcber Websites hinweg und sammeln Informationen, um angepasste Anzeigen bereitzustellen.\r\n<table class=\"wt-cli-element cookielawinfo-row-cat-table cookielawinfo-winter\"><thead><tr><th scope=\"col\" class=\"cookielawinfo-column-1\">Cookie<\/th><th scope=\"col\" class=\"cookielawinfo-column-3\">Dauer<\/th><th scope=\"col\" class=\"cookielawinfo-column-4\">Beschreibung<\/th><\/tr><\/thead><tbody><tr class=\"cookielawinfo-row\"><td class=\"cookielawinfo-column-1\">VISITOR_INFO1_LIVE<\/td><td class=\"cookielawinfo-column-3\">5 Monate 27 Tage<\/td><td class=\"cookielawinfo-column-4\">Ein von YouTube gesetztes Cookie zum Messen der Bandbreite, das bestimmt, ob der Benutzer die neue oder alte Player-Oberfl\u00e4che erh\u00e4lt.<\/td><\/tr><tr class=\"cookielawinfo-row\"><td class=\"cookielawinfo-column-1\">YSC<\/td><td class=\"cookielawinfo-column-3\">Sitzung<\/td><td class=\"cookielawinfo-column-4\">YSC-Cookie wird von Youtube gesetzt und wird verwendet, um die Aufrufe von eingebetteten Videos auf Youtube-Seiten zu verfolgen.<\/td><\/tr><tr class=\"cookielawinfo-row\"><td class=\"cookielawinfo-column-1\">yt-remote-connected-devices<\/td><td class=\"cookielawinfo-column-3\">noch nie<\/td><td class=\"cookielawinfo-column-4\">YouTube setzt dieses Cookie, um die Videoeinstellungen des Benutzers zu speichern, der eingebettete YouTube-Videos verwendet.<\/td><\/tr><tr class=\"cookielawinfo-row\"><td class=\"cookielawinfo-column-1\">yt-remote-device-id<\/td><td class=\"cookielawinfo-column-3\">noch nie<\/td><td class=\"cookielawinfo-column-4\">YouTube setzt dieses Cookie, um die Videoeinstellungen des Benutzers zu speichern, der eingebettete YouTube-Videos verwendet.<\/td><\/tr><tr class=\"cookielawinfo-row\"><td class=\"cookielawinfo-column-1\">yt.innertube::nextId<\/td><td class=\"cookielawinfo-column-3\">noch nie<\/td><td class=\"cookielawinfo-column-4\">Dieses von YouTube gesetzte Cookie registriert eine eindeutige ID, um Daten dar\u00fcber zu speichern, welche Videos von YouTube der Benutzer gesehen hat.<\/td><\/tr><tr class=\"cookielawinfo-row\"><td class=\"cookielawinfo-column-1\">yt.innertube::requests<\/td><td class=\"cookielawinfo-column-3\">noch nie<\/td><td class=\"cookielawinfo-column-4\">Dieses von YouTube gesetzte Cookie registriert eine eindeutige ID, um Daten dar\u00fcber zu speichern, welche Videos von YouTube der Benutzer gesehen hat.<\/td><\/tr><\/tbody><\/table><\/p><\/div><\/div><div class=\"cli_cookie_category_single\"><h5 class=\"cli_cookie_category_single_hd\">Andere<\/h5><div class=\"cli_cookie_category_single_description\"><p>Andere nicht kategorisierte Cookies sind solche, die analysiert werden und noch nicht in eine Kategorie eingeordnet wurden.\r\n<table class=\"wt-cli-element cookielawinfo-row-cat-table cookielawinfo-winter\"><thead><tr><th scope=\"col\" class=\"cookielawinfo-column-1\">Cookie<\/th><th scope=\"col\" class=\"cookielawinfo-column-3\">Dauer<\/th><th scope=\"col\" class=\"cookielawinfo-column-4\">Beschreibung<\/th><\/tr><\/thead><tbody><tr class=\"cookielawinfo-row\"><td class=\"cookielawinfo-column-1\">_pk_id.71423.f9cb<\/td><td class=\"cookielawinfo-column-3\">1 Jahr 27 Tage<\/td><td class=\"cookielawinfo-column-4\">Keine Beschreibung<\/td><\/tr><tr class=\"cookielawinfo-row\"><td class=\"cookielawinfo-column-1\">_pk_ses.71423.f9cb<\/td><td class=\"cookielawinfo-column-3\">30 Minuten<\/td><td class=\"cookielawinfo-column-4\">Keine Beschreibung<\/td><\/tr><\/tbody><\/table><\/p><\/div><\/div><\/div><br \/>\nThe below list details the cookies used in our website.<br \/>\n<table class=\"wt-cli-element cookielawinfo-classic cookielawinfo-row-cat-table\"><thead><tr><th scope=\"col\" class=\"cookielawinfo-column-1\">Cookie<\/th><th scope=\"col\" class=\"cookielawinfo-column-4\">Beschreibung<\/th><\/thead><tbody><tr class=\"cookielawinfo-row-cat-title\"><th colspan=\"2\" class=\"cookielawinfo-row-cat-title-head\">Notwendig<\/th><\/tr><tr class=\"cookielawinfo-row\"><td class=\"cookielawinfo-column-1\">cookielawinfo-checkbox-advertisement<\/td><td class=\"cookielawinfo-column-4\">Dieses Cookie wird vom GDPR Cookie Consent Plugin gesetzt und wird verwendet, um die Zustimmung des Benutzers f\u00fcr die Cookies in der Kategorie \"Werbung\" aufzuzeichnen.<\/td><\/tr><tr class=\"cookielawinfo-row\"><td class=\"cookielawinfo-column-1\">elementor<\/td><td class=\"cookielawinfo-column-4\">Dieses Cookie wird vom WordPress-Theme der Website verwendet. Es erm\u00f6glicht dem Websitebesitzer, den Inhalt der Website in Echtzeit zu implementieren oder zu \u00e4ndern.<\/td><\/tr><tr class=\"cookielawinfo-row\"><td class=\"cookielawinfo-column-1\">cookielawinfo-checkbox-others<\/td><td class=\"cookielawinfo-column-4\">Dieses Cookie wird vom GDPR Cookie Consent Plugin gesetzt. Das Cookie wird verwendet, um die Benutzereinwilligung f\u00fcr die Cookies in der Kategorie \u201eSonstiges\u201c zu speichern.<\/td><\/tr><tr class=\"cookielawinfo-row\"><td class=\"cookielawinfo-column-1\">cookielawinfo-checkbox-necessary<\/td><td class=\"cookielawinfo-column-4\">Dieses Cookie wird vom GDPR Cookie Consent Plugin gesetzt. Die Cookies werden verwendet, um die Benutzereinwilligung f\u00fcr die Cookies in der Kategorie \u201eNotwendig\u201c zu speichern.<\/td><\/tr><tr class=\"cookielawinfo-row\"><td class=\"cookielawinfo-column-1\">cookielawinfo-checkbox-functional<\/td><td class=\"cookielawinfo-column-4\">Das Cookie wird von GDPR Cookie Consent gesetzt, um die Benutzereinwilligung f\u00fcr die Cookies in der Kategorie \"Funktional\" aufzuzeichnen.<\/td><\/tr><tr class=\"cookielawinfo-row\"><td class=\"cookielawinfo-column-1\">cookielawinfo-checkbox-performance<\/td><td class=\"cookielawinfo-column-4\">Dieses Cookie wird vom GDPR Cookie Consent Plugin gesetzt. Das Cookie wird verwendet, um die Benutzereinwilligung f\u00fcr die Cookies in der Kategorie \"Performance\" zu speichern.<\/td><\/tr><tr class=\"cookielawinfo-row\"><td class=\"cookielawinfo-column-1\">cookielawinfo-checkbox-analytics<\/td><td class=\"cookielawinfo-column-4\">Dieses Cookie wird vom GDPR Cookie Consent Plugin gesetzt. Das Cookie wird verwendet, um die Benutzereinwilligung f\u00fcr die Cookies in der Kategorie \"Analytics\" zu speichern.<\/td><\/tr><tr class=\"cookielawinfo-row\"><td class=\"cookielawinfo-column-1\">viewed_cookie_policy<\/td><td class=\"cookielawinfo-column-4\">Das Cookie wird vom GDPR Cookie Consent Plugin gesetzt und wird verwendet, um zu speichern, ob der Benutzer der Verwendung von Cookies zugestimmt hat oder nicht. Es speichert keine personenbezogenen Daten.<\/td><\/tr><tr class=\"cookielawinfo-row-cat-title\"><th colspan=\"2\" class=\"cookielawinfo-row-cat-title-head\">Funktionell<\/th><\/tr><tr class=\"cookielawinfo-row\"><td class=\"cookielawinfo-column-1\">__cf_bm<\/td><td class=\"cookielawinfo-column-4\">Dieses von Cloudflare gesetzte Cookie wird zur Unterst\u00fctzung von Cloudflare Bot Management verwendet.<\/td><\/tr><tr class=\"cookielawinfo-row-cat-title\"><th colspan=\"2\" class=\"cookielawinfo-row-cat-title-head\">Analytik<\/th><\/tr><tr class=\"cookielawinfo-row\"><td class=\"cookielawinfo-column-1\">_ga_2R88GYJT84<\/td><td class=\"cookielawinfo-column-4\">Dieses Cookie wird von Google Analytics installiert.<\/td><\/tr><tr class=\"cookielawinfo-row\"><td class=\"cookielawinfo-column-1\">_ga<\/td><td class=\"cookielawinfo-column-4\">Das von Google Analytics installierte _ga-Cookie berechnet Besucher-, Sitzungs- und Kampagnendaten und verfolgt auch die Nutzung der Website f\u00fcr den Analysebericht der Website. Das Cookie speichert Informationen anonym und weist eine zuf\u00e4llig generierte Nummer zu, um eindeutige Besucher zu erkennen.<\/td><\/tr><tr class=\"cookielawinfo-row\"><td class=\"cookielawinfo-column-1\">CONSENT<\/td><td class=\"cookielawinfo-column-4\">YouTube setzt dieses Cookie \u00fcber eingebettete YouTube-Videos und registriert anonyme statistische Daten.<\/td><\/tr><tr class=\"cookielawinfo-row\"><td class=\"cookielawinfo-column-1\">vuid<\/td><td class=\"cookielawinfo-column-4\">Vimeo installiert dieses Cookie, um Tracking-Informationen zu sammeln, indem es eine eindeutige ID zum Einbetten von Videos auf der Website festlegt.<\/td><\/tr><tr class=\"cookielawinfo-row-cat-title\"><th colspan=\"2\" class=\"cookielawinfo-row-cat-title-head\">Anzeige<\/th><\/tr><tr class=\"cookielawinfo-row\"><td class=\"cookielawinfo-column-1\">yt.innertube::nextId<\/td><td class=\"cookielawinfo-column-4\">Dieses von YouTube gesetzte Cookie registriert eine eindeutige ID, um Daten dar\u00fcber zu speichern, welche Videos von YouTube der Benutzer gesehen hat.<\/td><\/tr><tr class=\"cookielawinfo-row\"><td class=\"cookielawinfo-column-1\">YSC<\/td><td class=\"cookielawinfo-column-4\">YSC-Cookie wird von Youtube gesetzt und wird verwendet, um die Aufrufe von eingebetteten Videos auf Youtube-Seiten zu verfolgen.<\/td><\/tr><tr class=\"cookielawinfo-row\"><td class=\"cookielawinfo-column-1\">VISITOR_INFO1_LIVE<\/td><td class=\"cookielawinfo-column-4\">Ein von YouTube gesetztes Cookie zum Messen der Bandbreite, das bestimmt, ob der Benutzer die neue oder alte Player-Oberfl\u00e4che erh\u00e4lt.<\/td><\/tr><tr class=\"cookielawinfo-row\"><td class=\"cookielawinfo-column-1\">yt.innertube::requests<\/td><td class=\"cookielawinfo-column-4\">Dieses von YouTube gesetzte Cookie registriert eine eindeutige ID, um Daten dar\u00fcber zu speichern, welche Videos von YouTube der Benutzer gesehen hat.<\/td><\/tr><tr class=\"cookielawinfo-row\"><td class=\"cookielawinfo-column-1\">yt-remote-connected-devices<\/td><td class=\"cookielawinfo-column-4\">YouTube setzt dieses Cookie, um die Videoeinstellungen des Benutzers zu speichern, der eingebettete YouTube-Videos verwendet.<\/td><\/tr><tr class=\"cookielawinfo-row\"><td class=\"cookielawinfo-column-1\">yt-remote-device-id<\/td><td class=\"cookielawinfo-column-4\">YouTube setzt dieses Cookie, um die Videoeinstellungen des Benutzers zu speichern, der eingebettete YouTube-Videos verwendet.<\/td><\/tr><tr class=\"cookielawinfo-row-cat-title\"><th colspan=\"2\" class=\"cookielawinfo-row-cat-title-head\">Andere<\/th><\/tr><tr class=\"cookielawinfo-row\"><td class=\"cookielawinfo-column-1\">_pk_ses.71423.f9cb<\/td><td class=\"cookielawinfo-column-4\">Keine Beschreibung<\/td><\/tr><tr class=\"cookielawinfo-row\"><td class=\"cookielawinfo-column-1\">_pk_id.71423.f9cb<\/td><td class=\"cookielawinfo-column-4\">Keine Beschreibung<\/td><\/tr><\/tbody><\/table><\/div>\n<h3>How can I control the cookie preferences ?<\/h3>\n<div>You can manage your cookies preferences by clicking on the &#8222;Settings&#8220; button and enabling or disabling the cookie categories on the popup according to your preferences.<\/p>\n<p>Should you decide to change your preferences later through your browsing session, you can click on the &#8222;Privacy &amp; Cookie Policy&#8220; tab on your screen. This will display the consent notice again enabling you to change your preferences or withdraw your consent entirely.<\/p>\n<p>In addition to this, different browsers provide different methods to block and delete cookies used by websites. You can change the settings of your browser to block\/delete the cookies. To find out more out more on how to manage and delete cookies, visit wikipedia.org, www.allaboutcookies.org.<\/p><\/div>\n<p class=\"wt-cli-element\" style=\"color:#333; clear:both; font-style:italic; font-size:12px; margin-top:15px;\">Powered By <a href=\"https:\/\/www.webtoffee.com\/\" style=\"color:#333; font-weight:600; font-size:12px;\">WebToffee<\/a><\/p><\/div>\n","protected":false},"excerpt":{"rendered":"<p>About this cookie policy. This Cookie Policy explains what cookies are and how we use them. You should read this policy to understand what cookies are, how we use them, the types of cookies we use i.e, the information we collect using cookies and how that information is used and how to control the cookie [&hellip;]<\/p>\n","protected":false},"author":1,"featured_media":0,"parent":0,"menu_order":0,"comment_status":"closed","ping_status":"closed","template":"","meta":{"site-sidebar-layout":"default","site-content-layout":"default","ast-site-content-layout":"default","site-content-style":"default","site-sidebar-style":"default","ast-global-header-display":"","ast-banner-title-visibility":"","ast-main-header-display":"","ast-hfb-above-header-display":"","ast-hfb-below-header-display":"","ast-hfb-mobile-header-display":"","site-post-title":"","ast-breadcrumbs-content":"","ast-featured-img":"","footer-sml-layout":"","theme-transparent-header-meta":"default","adv-header-id-meta":"","stick-header-meta":"","header-above-stick-meta":"","header-main-stick-meta":"","header-below-stick-meta":"","astra-migrate-meta-layouts":"default","ast-page-background-enabled":"default","ast-page-background-meta":{"desktop":{"background-color":"","background-image":"","background-repeat":"repeat","background-position":"center center","background-size":"auto","background-attachment":"scroll","background-type":"","background-media":"","overlay-type":"","overlay-color":"","overlay-opacity":"","overlay-gradient":""},"tablet":{"background-color":"","background-image":"","background-repeat":"repeat","background-position":"center center","background-size":"auto","background-attachment":"scroll","background-type":"","background-media":"","overlay-type":"","overlay-color":"","overlay-opacity":"","overlay-gradient":""},"mobile":{"background-color":"","background-image":"","background-repeat":"repeat","background-position":"center center","background-size":"auto","background-attachment":"scroll","background-type":"","background-media":"","overlay-type":"","overlay-color":"","overlay-opacity":"","overlay-gradient":""}},"ast-content-background-meta":{"desktop":{"background-color":"var(--ast-global-color-5)","background-image":"","background-repeat":"repeat","background-position":"center center","background-size":"auto","background-attachment":"scroll","background-type":"","background-media":"","overlay-type":"","overlay-color":"","overlay-opacity":"","overlay-gradient":""},"tablet":{"background-color":"var(--ast-global-color-5)","background-image":"","background-repeat":"repeat","background-position":"center center","background-size":"auto","background-attachment":"scroll","background-type":"","background-media":"","overlay-type":"","overlay-color":"","overlay-opacity":"","overlay-gradient":""},"mobile":{"background-color":"var(--ast-global-color-5)","background-image":"","background-repeat":"repeat","background-position":"center center","background-size":"auto","background-attachment":"scroll","background-type":"","background-media":"","overlay-type":"","overlay-color":"","overlay-opacity":"","overlay-gradient":""}},"footnotes":""},"class_list":["post-6786","page","type-page","status-publish","hentry"],"_links":{"self":[{"href":"https:\/\/seconafi.com\/de\/wp-json\/wp\/v2\/pages\/6786","targetHints":{"allow":["GET"]}}],"collection":[{"href":"https:\/\/seconafi.com\/de\/wp-json\/wp\/v2\/pages"}],"about":[{"href":"https:\/\/seconafi.com\/de\/wp-json\/wp\/v2\/types\/page"}],"author":[{"embeddable":true,"href":"https:\/\/seconafi.com\/de\/wp-json\/wp\/v2\/users\/1"}],"replies":[{"embeddable":true,"href":"https:\/\/seconafi.com\/de\/wp-json\/wp\/v2\/comments?post=6786"}],"version-history":[{"count":0,"href":"https:\/\/seconafi.com\/de\/wp-json\/wp\/v2\/pages\/6786\/revisions"}],"wp:attachment":[{"href":"https:\/\/seconafi.com\/de\/wp-json\/wp\/v2\/media?parent=6786"}],"curies":[{"name":"wp","href":"https:\/\/api.w.org\/{rel}","templated":true}]}}